{"id":87,"date":"2011-02-12T09:31:14","date_gmt":"2011-02-12T08:31:14","guid":{"rendered":"http:\/\/www.mrjla.se\/?page_id=87"},"modified":"2011-02-28T06:14:30","modified_gmt":"2011-02-28T05:14:30","slug":"stuff","status":"publish","type":"page","link":"https:\/\/www.mrjla.se\/?page_id=87","title":{"rendered":"Stuff"},"content":{"rendered":"<p><a href=\"https:\/\/www.mrjla.se\/wp-content\/uploads\/2011\/02\/IMG_12re.jpg\"><img loading=\"lazy\" decoding=\"async\" class=\"alignleft size-medium wp-image-90\" title=\"JAg \u00e4r ?\" src=\"https:\/\/www.mrjla.se\/wp-content\/uploads\/2011\/02\/IMG_12re-300x200.jpg\" alt=\"ja vart \u00e4r jag ? \" width=\"300\" height=\"200\" srcset=\"https:\/\/www.mrjla.se\/wp-content\/uploads\/2011\/02\/IMG_12re-300x200.jpg 300w, https:\/\/www.mrjla.se\/wp-content\/uploads\/2011\/02\/IMG_12re-1024x682.jpg 1024w, https:\/\/www.mrjla.se\/wp-content\/uploads\/2011\/02\/IMG_12re.jpg 1296w\" sizes=\"(max-width: 300px) 100vw, 300px\" \/><\/a><\/p>\n<p>Vart \u00e4r jag?<\/p>\n<p>jo i en STOR stad som \u00e4r delad i 3 delar. bor n\u00e4stan lika mycket folk h\u00e4r som i Swea rike&#8230;<\/p>\n<p>Fast dom \u00e4r mindre \u00e4n oss! ( t\u00e4nker d\u00e5 mest p\u00e5 deras l\u00e4ngd!!)<\/p>\n<p><a href=\"https:\/\/www.mrjla.se\/wp-content\/uploads\/2011\/02\/IMG_46631.jpg\"><img loading=\"lazy\" decoding=\"async\" class=\"alignleft size-medium wp-image-98\" title=\"IMG_4663\" src=\"https:\/\/www.mrjla.se\/wp-content\/uploads\/2011\/02\/IMG_46631-199x300.jpg\" alt=\"\" width=\"199\" height=\"300\" srcset=\"https:\/\/www.mrjla.se\/wp-content\/uploads\/2011\/02\/IMG_46631-199x300.jpg 199w, https:\/\/www.mrjla.se\/wp-content\/uploads\/2011\/02\/IMG_46631.jpg 341w\" sizes=\"(max-width: 199px) 100vw, 199px\" \/><\/a><\/p>\n<p>Att \u00f6ppna skumpan faller alltid p\u00e5 mig..och \u00e4nd\u00e5 dricker jag inte!<\/p>\n<p style=\"text-align: left;\">&nbsp;<\/p>\n<p style=\"text-align: left;\">&nbsp;<\/p>\n<p style=\"text-align: left;\">&nbsp;<\/p>\n<p style=\"text-align: left;\">&nbsp;<\/p>\n<p style=\"text-align: left;\">&nbsp;<\/p>\n<p style=\"text-align: left;\">&nbsp;<\/p>\n<p><\/p>","protected":false},"excerpt":{"rendered":"<p>Vart \u00e4r jag? jo i en STOR stad som \u00e4r delad i 3 delar. bor n\u00e4stan lika mycket folk h\u00e4r som i Swea rike&#8230; Fast dom \u00e4r mindre \u00e4n oss! ( t\u00e4nker d\u00e5 mest p\u00e5 deras l\u00e4ngd!!) Att \u00f6ppna skumpan &hellip; <a href=\"https:\/\/www.mrjla.se\/?page_id=87\">Forts\u00e4tt l\u00e4sa <span class=\"meta-nav\">&rarr;<\/span><\/a><\/p>\n","protected":false},"author":1,"featured_media":0,"parent":0,"menu_order":0,"comment_status":"open","ping_status":"open","template":"","meta":{"footnotes":""},"_links":{"self":[{"href":"https:\/\/www.mrjla.se\/index.php?rest_route=\/wp\/v2\/pages\/87"}],"collection":[{"href":"https:\/\/www.mrjla.se\/index.php?rest_route=\/wp\/v2\/pages"}],"about":[{"href":"https:\/\/www.mrjla.se\/index.php?rest_route=\/wp\/v2\/types\/page"}],"author":[{"embeddable":true,"href":"https:\/\/www.mrjla.se\/index.php?rest_route=\/wp\/v2\/users\/1"}],"replies":[{"embeddable":true,"href":"https:\/\/www.mrjla.se\/index.php?rest_route=%2Fwp%2Fv2%2Fcomments&post=87"}],"version-history":[{"count":15,"href":"https:\/\/www.mrjla.se\/index.php?rest_route=\/wp\/v2\/pages\/87\/revisions"}],"predecessor-version":[{"id":223,"href":"https:\/\/www.mrjla.se\/index.php?rest_route=\/wp\/v2\/pages\/87\/revisions\/223"}],"wp:attachment":[{"href":"https:\/\/www.mrjla.se\/index.php?rest_route=%2Fwp%2Fv2%2Fmedia&parent=87"}],"curies":[{"name":"wp","href":"https:\/\/api.w.org\/{rel}","templated":true}]}}