{"id":488,"date":"2011-04-28T19:44:33","date_gmt":"2011-04-28T17:44:33","guid":{"rendered":"http:\/\/www.mrjla.se\/?page_id=488"},"modified":"2012-07-12T17:03:06","modified_gmt":"2012-07-12T15:03:06","slug":"visa-personer-lar-ha-sagt","status":"publish","type":"page","link":"https:\/\/www.mrjla.se\/?page_id=488","title":{"rendered":"Visa personer l\u00e4r ha sagt!"},"content":{"rendered":"<p><strong>Never mind the DOG<\/strong><\/p>\n<p>Beware of the OWNER!<\/p>\n<p><strong>**********************************************<\/strong><\/p>\n<p><strong>Nej s\u00e4ger jag! Jag \u00e4r INTE f\u00f6r TJOCK!! Jag \u00e4r i f\u00f6rh\u00e5llande till min vikt F\u00d6R KORT!<\/strong><br \/>\nCitat fr\u00e5n katten Gustav!<\/p>\n<p><strong>Ett f\u00f6rh\u00e5llande \u00e4r som en Ikea m\u00f6bel. Man m\u00e5ste efterdra lite d\u00e5 och d\u00e5 f\u00f6r att det inte ska falla ihop. <\/strong><br \/>\ncitat fr\u00e5n en v\u00e4n.<\/p>\n<p>**************************************************************<br \/>\n<span style=\"color: #000000;\"><strong><br \/>\n<\/strong><\/span><br \/>\n<strong>Det \u00e4r mycket nedsl\u00e5ende att leva i en tid, d\u00e4r det \u00e4r l\u00e4ttare att spr\u00e4nga en atom \u00e4n en f\u00f6rdom.<\/strong><br \/>\n<strong>Albert Einstein<\/strong><\/p>\n<p><strong>***************************************************************<\/strong><\/p>\n<p><strong>Ni kommer aldrig att lyckas &#8211; fyrmanna-band \u00e4r ute. \u00c5k hem till Liverpool&#8230; <\/strong><\/p>\n<p><strong>Chefen p\u00e5 skivbolaget Decca till medlemmarna i Beatles, 1962<\/strong><\/p>\n<p><strong>************************************************************************<\/strong><\/p>\n<p><strong>&#8221;Han har inga k\u00e4nslor,det \u00e4r hemligheten med hans framg\u00e5ng. Han tror ocks\u00e5 att andra m\u00e4nniskor inte har k\u00e4nslor, det \u00e4r hemligheten med det fiasko som v\u00e4ntar honom i framtiden.<\/strong><\/p>\n<p><strong>Oskar Wilde<\/strong><\/p>\n<p><strong>**********************************************************<\/strong><\/p>\n<p><strong>Jag har gramofoniskt minne<\/strong><\/p>\n<p><strong>Nalle Phu<\/strong><\/p>\n<p><\/p>","protected":false},"excerpt":{"rendered":"<p>Never mind the DOG Beware of the OWNER! ********************************************** Nej s\u00e4ger jag! Jag \u00e4r INTE f\u00f6r TJOCK!! Jag \u00e4r i f\u00f6rh\u00e5llande till min vikt F\u00d6R KORT! Citat fr\u00e5n katten Gustav! Ett f\u00f6rh\u00e5llande \u00e4r som en Ikea m\u00f6bel. Man m\u00e5ste efterdra &hellip; <a href=\"https:\/\/www.mrjla.se\/?page_id=488\">Forts\u00e4tt l\u00e4sa <span class=\"meta-nav\">&rarr;<\/span><\/a><\/p>\n","protected":false},"author":1,"featured_media":0,"parent":0,"menu_order":0,"comment_status":"open","ping_status":"open","template":"","meta":{"footnotes":""},"_links":{"self":[{"href":"https:\/\/www.mrjla.se\/index.php?rest_route=\/wp\/v2\/pages\/488"}],"collection":[{"href":"https:\/\/www.mrjla.se\/index.php?rest_route=\/wp\/v2\/pages"}],"about":[{"href":"https:\/\/www.mrjla.se\/index.php?rest_route=\/wp\/v2\/types\/page"}],"author":[{"embeddable":true,"href":"https:\/\/www.mrjla.se\/index.php?rest_route=\/wp\/v2\/users\/1"}],"replies":[{"embeddable":true,"href":"https:\/\/www.mrjla.se\/index.php?rest_route=%2Fwp%2Fv2%2Fcomments&post=488"}],"version-history":[{"count":4,"href":"https:\/\/www.mrjla.se\/index.php?rest_route=\/wp\/v2\/pages\/488\/revisions"}],"predecessor-version":[{"id":1005,"href":"https:\/\/www.mrjla.se\/index.php?rest_route=\/wp\/v2\/pages\/488\/revisions\/1005"}],"wp:attachment":[{"href":"https:\/\/www.mrjla.se\/index.php?rest_route=%2Fwp%2Fv2%2Fmedia&parent=488"}],"curies":[{"name":"wp","href":"https:\/\/api.w.org\/{rel}","templated":true}]}}