{"id":403,"date":"2011-03-28T08:05:10","date_gmt":"2011-03-28T07:05:10","guid":{"rendered":"http:\/\/www.mrjla.se\/?page_id=403"},"modified":"2011-10-06T17:11:37","modified_gmt":"2011-10-06T15:11:37","slug":"smafrackt-las-inte-om-du-ar-kanslig","status":"publish","type":"page","link":"https:\/\/www.mrjla.se\/?page_id=403","title":{"rendered":"Sm\u00e5 Fr\u00e4ckt. (l\u00e4s inte om du \u00e4r k\u00e4nslig!)"},"content":{"rendered":"<h5><strong>Min granne \u00c5ke led av f\u00f6rstoppning. Husl\u00e4karen tyckte att \u00c5ke borde pr\u00f6va stolpiller och erbj\u00f6d sig att demonstrera hur man anv\u00e4nder medicinen.<\/strong><br \/>\n<strong>\u00c5ke tackade den sn\u00e4lle doktorn <\/strong><br \/>\n<strong>N\u00e4sta kv\u00e4ll n\u00e4r det var dags f\u00f6r ett nytt piller bad han frugan att hj\u00e4lpa till.<\/strong><br \/>\n<strong>Inga problem, sa frun och tog stadigt tag i \u00c5kes v\u00e4nstra axel och stoppade in medicinen med den lediga handen.<\/strong><br \/>\n<strong>Men, sa \u00c5ke. <\/strong><br \/>\n<strong>N\u00e4r doktorn stoppade in stolpillern hade han sina b\u00e5da h\u00e4nder p\u00e5 mina axlar<\/strong><\/h5>\n<h5><strong>B\u00f6rje satt p\u00e5 trappan och s\u00f6g p\u00e5 sin pipa.<\/strong><br \/>\n<strong>&#8211; Jag tror du tycker mer om din pipa \u00e4n vad du tycker om mig, gn\u00e4llde hans hustru.<\/strong><br \/>\n<strong>&#8211; Ja, det kan du ge dig p\u00e5, muttrade B\u00f6rje. F\u00f6r det fina med pipan \u00e4r att man kan skruva av huvudet n\u00e4r den \u00e4r sur.<\/strong><\/h5>\n<p><strong><span style=\"font-family: Calibri;\">Lille Oskar skrev ett brev till Gud och bad om 1000 kr.<br \/>\nBrevet var adresserat till &#8221;Gud, Stockholm&#8221;, s\u00e5 Posten skickade det till regeringen.<br \/>\nDom hade roligt \u00e5t brevet och best\u00e4mde sig f\u00f6r att skicka pengar.<br \/>\nDe tyckte 1000 kr var f\u00f6r mycket, s\u00e5 de skickade 100 kr.<br \/>\nLille Oskar jublade, och skrev tackbrev: -&#8221;K\u00e4ra Gud, tusen tack f\u00f6r pengarna. Jag ser att du skickade dem via regeringen, och de idioterna tog 90 procent i skatt&#8230;..<\/span><\/strong><\/p>\n<h5><strong><em>***<\/em><\/strong><\/h5>\n<h5><strong>En kvinna st\u00e5r framf\u00f6r spegeln och beundrar sina br\u00f6st. Maken g\u00e5r f\u00f6rbi och undrar vad hon g\u00f6r?<br \/>\n-N\u00e4r jag var hos l\u00e4karen idag s\u00e5 sa han att mina br\u00f6st verkar tillh\u00f6ra en 25-\u00e5ring, sa hon.<br \/>\n-Sa han n\u00e5t om det 50-\u00e5riga arslet du sl\u00e4par omkring p\u00e5, fr\u00e5gade han och skrattade?<br \/>\n&#8211; N\u00e4\u00e4, svarade hon, vi pratade inte om dig<\/strong><\/h5>\n<h5><strong>***<\/strong><\/h5>\n<h5><strong>En kvinna skrattade och pekade p\u00e5 \u00f6lmagen till en man i sina b\u00e4sta \u00e5r och sade:<br \/>\n-\u00c4r det Falcon eller Pripps du har d\u00e4r inne?<br \/>\nLite st\u00e4lld blev han, men svarade:<br \/>\n-Jag har ingen aning, men det finns en kran under om du<br \/>\nvill smaka .<\/strong><\/h5>\n<h5><strong>*****<\/strong><br \/>\n<strong> Det var en g\u00e5ng en \u00e4ldre man som var p\u00e5 en pension\u00e4rsdans. Problemet var att han inte hade haft sex p\u00e5 mycket l\u00e4nge. Han hade dansat med alla gamla tanter hela kv\u00e4llen, men inte f\u00e5tt napp.<\/strong><\/h5>\n<h5><strong>Frustrerad gick han till slut fram till en gammal tant och sa, &#8221;Jag har inte f\u00e5tt n\u00e5got hugg p\u00e5 hela kv\u00e4llen. Skulle du kunna t\u00e4nka dig att rulla runt i s\u00e4nghalmen med mig? Du f\u00e5r 200 sp\u00e4nn!<\/strong><\/h5>\n<h5><strong>&#8221;OK! Jag \u00e4r inte den som tackar nej till 200 sp\u00e4nn&#8221;, s\u00e4ger k\u00e4ringen.<\/strong><\/h5>\n<h5><strong>De tar f\u00e4rdtj\u00e4nst hem till honom och efter ett kort f\u00f6rspel drar de sig in mot s\u00e4ngen. Han njuter verkligen av sexet och kan inte l\u00e5ta bli att bli f\u00f6rundrad \u00f6ver hur tr\u00e5ng hon \u00e4r, trots hennes \u00e5 lder. Han antar att hon \u00e4r oskuld.<\/strong><\/h5>\n<h5><strong>Efter den underbara akten, rullar han av henne och pustar &#8221;Wow damen, hade jag vetat att du var oskuld skulle du f\u00e5tt 500 kr.&#8221;<\/strong><\/h5>\n<h5><strong>F\u00f6rv\u00e5nad svarar hon, &#8221;om jag vetat att du faktiskt skulle f\u00e5 st\u00e5nd, hade jag tagit av mig trosorna.&#8221;<\/strong><\/h5>\n<h5><strong>*******<\/strong><\/h5>\n<h5><strong><span style=\"text-decoration: underline;\"><span style=\"color: #888888;\">Frack inte fr\u00e4ck<\/span><\/span><\/strong><\/h5>\n<h5><strong>&#8221;Den lille pojken st\u00e5r och ser p\u00e5 n\u00e4r pappan s\u00e4tter p\u00e5 sig smokingen. &#8211; Att du t\u00f6rs ha de d\u00e4r kl\u00e4derna pappa, n\u00e4r du vet hur ont i huvudet du alltid f\u00e5r i morgon.<\/strong><\/h5>\n<h5><strong>*****<\/strong><\/h5>\n<h5><strong><span style=\"color: #888888;\">Om sexiga arbetskamrater?. <\/span><\/strong><\/h5>\n<h5><strong>Idag sk\u00f6t \u00a0jag min arbetskamrat. Oj, t\u00e4nker ni? Varf\u00f6r sk\u00f6t hon sin snygga<\/strong><br \/>\n<strong> sexiga, smarta och karismatiske arbetskamrat?<\/strong><\/h5>\n<h5><strong>Det var min 45: e f\u00f6delsedag och den dagen var mitt<\/strong><br \/>\n<strong> hum\u00f6r var inte alltf\u00f6r bra.<\/strong><\/h5>\n<h5><strong>Den morgonen, n\u00e4r jag vaknade gick jag till k\u00f6ket f\u00f6r att ta en<\/strong><br \/>\n<strong> kopp kaffe i v\u00e4ntan p\u00e5 att \u00a0min man skulle s\u00e4ga: Grattis p\u00e5 f\u00f6delsedagen<\/strong><br \/>\n<strong> \u00e4lskling &#8221;. Men han sa inte ens godmorgon &#8230; Och jag sa till mig sj\u00e4lv:<\/strong><br \/>\n<strong> &#8211; \u00c4r detta den man jag f\u00f6rtj\u00e4nar ???. Men,.. fortsatte jag att \u00a0t\u00e4nka:<\/strong><br \/>\n<strong> &#8221;Barnen kommer s\u00e4kert att \u00a0komma ih\u00e5g min f\u00f6delsedag.&#8221; Men n\u00e4r de anl\u00e4nde<\/strong><br \/>\n<strong> till frukost, sa ingen<\/strong><br \/>\n<strong> ett ord.<\/strong><\/h5>\n<h5><strong>S\u00e5 gick jag hemifr\u00e5n ganska missmodig, men jag k\u00e4nde \u00a0mig lite b\u00e4ttre<\/strong><br \/>\n<strong> n\u00e4r jag kom in p\u00e5 mitt kontor och min kollega sa till mig: God morgon,<\/strong><br \/>\n<strong> Grattis p\u00e5 f\u00f6delsedagen!.<\/strong><br \/>\n<strong> \u00c4ntligen hade n\u00e5gon kommit \u00a0ih\u00e5g. Vi arbetade fram till lunchtid,<\/strong><br \/>\n<strong> n\u00e4r min vackra, sexiga, intelligenta och karismatiske manliga arbetskamrat kom<\/strong><br \/>\n<strong> in p\u00e5 mitt<\/strong><br \/>\n<strong> kontor och sade:<\/strong><\/h5>\n<h5><strong>&#8221;Du vet, idag \u00e4r det din f\u00f6delsedag, s\u00e5 \u00a0t\u00e4nkte jag att vi kunde \u00e4ta lunch<\/strong><br \/>\n<strong> tillsammans. &#8221;<\/strong><br \/>\n<strong> Jag accepterade glatt och vi gick till en mycket \u00a0trevlig och mysig<\/strong><br \/>\n<strong> restaurang.<\/strong><\/h5>\n<h5><strong>Vi hade v\u00e4ldigt roligt och p\u00e5 v\u00e4gen tillbaka f\u00f6reslog han: En s\u00e5n vacker dag<\/strong><br \/>\n<strong> tycker jag inte att vi ska \u00a0tillbaka till kontoret. Vi g\u00e5r hem till mig<\/strong><br \/>\n<strong> ist\u00e4llet och tar en drink. &#8221;<\/strong><\/h5>\n<h5><strong>Jag tackade snabbt ja och vi gick vidare till hans l\u00e4genhet och medan jag satt<\/strong><br \/>\n<strong> och nj\u00f6t av en<\/strong><br \/>\n<strong> Martini, \u00a0fr\u00e5gade han:<\/strong><br \/>\n<strong> &#8211; &#8221;Om du inte hade n\u00e5got emot \u00a0att vara ensam en liten stund, s\u00e5 t\u00e4nkte jag<\/strong><br \/>\n<strong> byta om till lite<\/strong><br \/>\n<strong> bekv\u00e4mare kl\u00e4der \u00a0&#8221;<\/strong><\/h5>\n<h5><strong>&#8211; Det \u00e4r helt ok, svarade jag. Fem minuter senare kom han tillbaka med en stor<\/strong><br \/>\n<strong> t\u00e5rta med 45 ljus. Efter honom f\u00f6ljde min<\/strong><br \/>\n<strong> make, mina barn, mina v\u00e4nner och kontorspersonal.<\/strong><\/h5>\n<h5><strong>Och alla sj\u00f6ng \u00a0&#8221;Happy Birthday &#8230;!.<\/strong><\/h5>\n<h5><strong>Och d\u00e4r l\u00e5g jag naken p\u00e5 soffan och \u00a0v\u00e4ntade p\u00e5 den j\u00e4veln!!!!!!!!! Nu f\u00f6rst\u00e5r<\/strong><br \/>\n<strong> ni varf\u00f6r jag sk\u00f6t honom.<\/strong><\/h5>\n<h5><strong>************************<\/strong><\/h5>\n<h5><strong>H\u00e4r kommer en till:<\/strong><\/h5>\n<h5><strong>En dv\u00e4rg satt i bastun p\u00e5 simhallen n\u00e4r en J\u00c4TTE &#8211; NEGER kom<\/strong><\/h5>\n<h5><strong>in. Denna m\u00e4nniska var utrustad med en j\u00e4tteslang och<\/strong><\/h5>\n<h5><strong>dv\u00e4rgen satt bara och gapade. Negern tyckte det var pinsamt<\/strong><\/h5>\n<h5><strong>och t\u00e4nkte: \u00c4\u00e4h va faan, jag kan v\u00e4l presentera mig. Sagt<\/strong><\/h5>\n<h5><strong>och gjort, negern stegar fram mot dv\u00e4rgen och presenterar<\/strong><\/h5>\n<h5><strong>sig: &#8221;- Turner Brown.&#8221;D\u00e5 svimmade dv\u00e4rgen!<\/strong><\/h5>\n<h5><strong>Negern blev orolig, och st\u00e4nkte lite vatten i ansiktet p\u00e5 dv\u00e4rgen som kvicknade<\/strong><\/h5>\n<h5><strong>till.<\/strong><\/h5>\n<h5><strong>&#8221;- Vad h\u00e4nde, sa negern, efter att jag sagt mitt namn<\/strong><\/h5>\n<h5><strong>Turner Brown, s\u00e5 svimmade du. <\/strong><\/h5>\n<h5><strong>Turner Brown?, sa dv\u00e4rgen,<\/strong><\/h5>\n<h5><strong>jag tyckte du sa: turn around.<\/strong><\/h5>\n<h5><strong>**************************<\/strong><\/h5>\n<h5><strong><span style=\"text-decoration: underline;\">L\u00e4rarinnan till barnen<\/span><\/strong><\/h5>\n<h5><strong>\u00c4r det n\u00e5gon som kan n\u00e5t om medeciner s\u00e4ger hon och tittar ut \u00f6ver 1sta klassarna!<\/strong><\/h5>\n<h5><strong>Jag vet s\u00e4ger Anna&#8230; Panodil s\u00e4ger hon, fr\u00f6kern undrar d\u00e5 vad har man den till? Jo s\u00e4ger Anna den har man d\u00e5 man har ont i huvet..<\/strong><\/h5>\n<h5><strong>Bra s\u00e4ger fr\u00f6ken,, n\u00e5gon mer som kan n\u00e5gon\u00a0Medicin?<\/strong><\/h5>\n<h5><strong>Olle str\u00e4cker upp handen och s\u00e4ger jag vet en Viagra s\u00e4ger han sen, Fr\u00f6ken tittar p\u00e5 honom lite chokad och s\u00e4ger sen jaha vad har man den till d\u00e5?<\/strong><\/h5>\n<h5><strong>Jo s\u00e4ger Olle den tar man d\u00e5 man har diare\u00b4! Diare\u00b4 s\u00e4ger fr\u00f6ken? Ja s\u00e4ger Olle Mamma s\u00e4ger alltid till pappa Ta en viagra s\u00e5 skiten stelnar&#8230;&#8230;.<\/strong><\/h5>\n<h5><strong>**********************<\/strong><\/h5>\n<p><\/p>","protected":false},"excerpt":{"rendered":"<p>Min granne \u00c5ke led av f\u00f6rstoppning. Husl\u00e4karen tyckte att \u00c5ke borde pr\u00f6va stolpiller och erbj\u00f6d sig att demonstrera hur man anv\u00e4nder medicinen. \u00c5ke tackade den sn\u00e4lle doktorn N\u00e4sta kv\u00e4ll n\u00e4r det var dags f\u00f6r ett nytt piller bad han frugan &hellip; <a href=\"https:\/\/www.mrjla.se\/?page_id=403\">Forts\u00e4tt l\u00e4sa <span class=\"meta-nav\">&rarr;<\/span><\/a><\/p>\n","protected":false},"author":1,"featured_media":0,"parent":0,"menu_order":0,"comment_status":"open","ping_status":"open","template":"","meta":{"footnotes":""},"_links":{"self":[{"href":"https:\/\/www.mrjla.se\/index.php?rest_route=\/wp\/v2\/pages\/403"}],"collection":[{"href":"https:\/\/www.mrjla.se\/index.php?rest_route=\/wp\/v2\/pages"}],"about":[{"href":"https:\/\/www.mrjla.se\/index.php?rest_route=\/wp\/v2\/types\/page"}],"author":[{"embeddable":true,"href":"https:\/\/www.mrjla.se\/index.php?rest_route=\/wp\/v2\/users\/1"}],"replies":[{"embeddable":true,"href":"https:\/\/www.mrjla.se\/index.php?rest_route=%2Fwp%2Fv2%2Fcomments&post=403"}],"version-history":[{"count":8,"href":"https:\/\/www.mrjla.se\/index.php?rest_route=\/wp\/v2\/pages\/403\/revisions"}],"predecessor-version":[{"id":721,"href":"https:\/\/www.mrjla.se\/index.php?rest_route=\/wp\/v2\/pages\/403\/revisions\/721"}],"wp:attachment":[{"href":"https:\/\/www.mrjla.se\/index.php?rest_route=%2Fwp%2Fv2%2Fmedia&parent=403"}],"curies":[{"name":"wp","href":"https:\/\/api.w.org\/{rel}","templated":true}]}}