{"id":2,"date":"2011-02-11T08:36:18","date_gmt":"2011-02-11T08:36:18","guid":{"rendered":"http:\/\/www.mrjla.se\/?page_id=2"},"modified":"2023-05-29T20:08:35","modified_gmt":"2023-05-29T18:08:35","slug":"om","status":"publish","type":"page","link":"https:\/\/www.mrjla.se\/?page_id=2","title":{"rendered":"Om"},"content":{"rendered":"<p>Om mig?<\/p>\n<p>R\u00f6dluvan lyssnade inte p\u00e5 sin mamma, Pinocchio var en l\u00f6gnare, Robin Hood var en tjuv, Tarzan gick utan kl\u00e4der och sov med apor, Sn\u00f6vit bodde med sju m\u00e4n, Pippi blev jagad av polisen och Emil drack sig full i ung \u00e5lder ! De var alla f\u00f6rebilder d\u00e5 jag v\u00e4xte upp, s\u00e5 var sn\u00e4ll och sluta klaga p\u00e5 mitt uppf\u00f6rande.<\/p>\n<p>Vad ska man s\u00e4ga tokig &#8221;gubbe p\u00e5 \u00f6ver 60 som bor i Link\u00f6ping. Jobbar p\u00e5 tok f\u00f6r mycket reser en del i jobbet och \u00e4ven p\u00e5 fritiden. Senaste resm\u00e5let har blev Hong kong, 15 ggr d\u00e4r nu.<\/p>\n<p>L\u00e4s mera om Hong kong\u00a0 p\u00e5 reseber\u00e4ttelser&#8230;<\/p>\n<p>\u00c5rsmodell 1960 uttagen i November det \u00e5ret.<\/p>\n<p>Lite bucklig men v\u00e4lservad och gl\u00e4nser till d\u00e5 och d\u00e5 trots sin \u00e5lder.<br \/>\nMan kan lugnt s\u00e4ga att dom b\u00e4sta \u00e5ren \u00e4r borta men \u00e4n finns det s\u00e4kert kvar minst 30 \u00e5r kvar, givetvis inte med \u00a0samma ork men det \u00e4r ok.<\/p>\n<p>Sista servicen \u00e4r gjord och besiktningen blev 1 st 2 p\u00e5 f\u00f6r d\u00e5lig h\u00f6rsel p\u00e5 ena \u00f6rat, h\u00f6ger tror jag, jag kunde inte h\u00f6ra vad dom sa!<\/p>\n<p>I \u00f6vrigt s\u00e5 startar han i alla v\u00e4der, men ligger dock g\u00e4rna kvar i s\u00e4ngen om det \u00e4r under 20 grader kallt ute. Gillar heller inte att g\u00e5 i regn d\u00e5 bl\u00f6thet inte \u00e4r ett favorit tillst\u00e5nd.<\/p>\n<p>Brukar ha bra p\u00e5 f\u00f6tterna d\u00e5 dom tyv\u00e4rr blir l\u00e4tt kalla. Men det g\u00e5r att ordna med ett varmt o sk\u00f6nt bad.<\/p>\n<p>Resor g\u00f6rs g\u00e4rna b\u00e5de med bil b\u00e5t flyg d\u00e5 fr\u00e4mst till Sydostasien d\u00e4r man trivs och maten \u00e4r billig,<\/p>\n<p>F\u00f6rsta l\u00e5ngresan gjordes 1967 till London d\u00e4r man \u00e5kte vilse, (s\u00e5 klart) uppv\u00e4xt i eget rum med tv och vilse i pannkakan!<\/p>\n<p>Vilse i pannkakan \u00e4r n\u00e5t man k\u00e4nner sig nu undrar om det ligger kvar fr\u00e5n barndomen?<br \/>\nKort sagt jag \u00e4r lite bucklig kanske lite f\u00f6r mycket h\u00e4r o d\u00e4r, men med ett stort hj\u00e4rta.<\/p>\n<p>Bor g\u00f6r jag hemma i Sollentuna eller i Hongkong. Jag jobbar o sliter och f\u00f6r\u00f6ker \u00f6verleva som de flesta andra p\u00e5 jorden.<\/p>\n<p>Finns p\u00e5 Facebook med men mest f\u00f6r att spela spel o s\u00e5.<\/p>\n<p>J\u00f6rgen<\/p>\n<p><\/p>","protected":false},"excerpt":{"rendered":"<p>Om mig? R\u00f6dluvan lyssnade inte p\u00e5 sin mamma, Pinocchio var en l\u00f6gnare, Robin Hood var en tjuv, Tarzan gick utan kl\u00e4der och sov med apor, Sn\u00f6vit bodde med sju m\u00e4n, Pippi blev jagad av polisen och Emil drack sig full &hellip; <a href=\"https:\/\/www.mrjla.se\/?page_id=2\">Forts\u00e4tt l\u00e4sa <span class=\"meta-nav\">&rarr;<\/span><\/a><\/p>\n","protected":false},"author":1,"featured_media":0,"parent":0,"menu_order":0,"comment_status":"open","ping_status":"open","template":"","meta":{"footnotes":""},"_links":{"self":[{"href":"https:\/\/www.mrjla.se\/index.php?rest_route=\/wp\/v2\/pages\/2"}],"collection":[{"href":"https:\/\/www.mrjla.se\/index.php?rest_route=\/wp\/v2\/pages"}],"about":[{"href":"https:\/\/www.mrjla.se\/index.php?rest_route=\/wp\/v2\/types\/page"}],"author":[{"embeddable":true,"href":"https:\/\/www.mrjla.se\/index.php?rest_route=\/wp\/v2\/users\/1"}],"replies":[{"embeddable":true,"href":"https:\/\/www.mrjla.se\/index.php?rest_route=%2Fwp%2Fv2%2Fcomments&post=2"}],"version-history":[{"count":8,"href":"https:\/\/www.mrjla.se\/index.php?rest_route=\/wp\/v2\/pages\/2\/revisions"}],"predecessor-version":[{"id":1372,"href":"https:\/\/www.mrjla.se\/index.php?rest_route=\/wp\/v2\/pages\/2\/revisions\/1372"}],"wp:attachment":[{"href":"https:\/\/www.mrjla.se\/index.php?rest_route=%2Fwp%2Fv2%2Fmedia&parent=2"}],"curies":[{"name":"wp","href":"https:\/\/api.w.org\/{rel}","templated":true}]}}