{"id":155,"date":"2011-02-20T08:17:51","date_gmt":"2011-02-20T07:17:51","guid":{"rendered":"http:\/\/www.mrjla.se\/?page_id=155"},"modified":"2023-10-16T10:26:04","modified_gmt":"2023-10-16T08:26:04","slug":"lankar-till-resor-mm","status":"publish","type":"page","link":"https:\/\/www.mrjla.se\/?page_id=155","title":{"rendered":"L\u00e4nkar till resor mm"},"content":{"rendered":"\n<p><a href=\"http:\/\/www.mrjet.se\/\">www.mrjet.se<\/a><\/p>\n\n\n\n<p>www.resia.se<\/p>\n\n\n\n<p>www.asiarooms.com<\/p>\n\n\n\n<p>www.agoda.com<\/p>\n\n\n\n<p>www.booking.com<\/p>\n\n\n\n<p>Sedan s\u00e5 finns det s\u00e5 klar flera sidor som man kan anv\u00e4nda men dessa \u00e4r jag n\u00f6jd med<\/p>\n<p><\/p>","protected":false},"excerpt":{"rendered":"<p>www.mrjet.se www.resia.se www.asiarooms.com www.agoda.com www.booking.com Sedan s\u00e5 finns det s\u00e5 klar flera sidor som man kan anv\u00e4nda men dessa \u00e4r jag n\u00f6jd med<\/p>\n","protected":false},"author":1,"featured_media":0,"parent":0,"menu_order":0,"comment_status":"open","ping_status":"open","template":"","meta":{"footnotes":""},"_links":{"self":[{"href":"https:\/\/www.mrjla.se\/index.php?rest_route=\/wp\/v2\/pages\/155"}],"collection":[{"href":"https:\/\/www.mrjla.se\/index.php?rest_route=\/wp\/v2\/pages"}],"about":[{"href":"https:\/\/www.mrjla.se\/index.php?rest_route=\/wp\/v2\/types\/page"}],"author":[{"embeddable":true,"href":"https:\/\/www.mrjla.se\/index.php?rest_route=\/wp\/v2\/users\/1"}],"replies":[{"embeddable":true,"href":"https:\/\/www.mrjla.se\/index.php?rest_route=%2Fwp%2Fv2%2Fcomments&post=155"}],"version-history":[{"count":5,"href":"https:\/\/www.mrjla.se\/index.php?rest_route=\/wp\/v2\/pages\/155\/revisions"}],"predecessor-version":[{"id":1386,"href":"https:\/\/www.mrjla.se\/index.php?rest_route=\/wp\/v2\/pages\/155\/revisions\/1386"}],"wp:attachment":[{"href":"https:\/\/www.mrjla.se\/index.php?rest_route=%2Fwp%2Fv2%2Fmedia&parent=155"}],"curies":[{"name":"wp","href":"https:\/\/api.w.org\/{rel}","templated":true}]}}