{"id":1345,"date":"2019-06-15T08:30:27","date_gmt":"2019-06-15T06:30:27","guid":{"rendered":"http:\/\/www.mrjla.se\/?page_id=1345"},"modified":"2019-06-15T08:30:27","modified_gmt":"2019-06-15T06:30:27","slug":"hong-kong-2019","status":"publish","type":"page","link":"https:\/\/www.mrjla.se\/?page_id=1345","title":{"rendered":"Hong Kong 2019"},"content":{"rendered":"\n<p>Ja vad ska man s\u00e4ga. Folk g\u00e5r man ur huse f\u00f6r att slippa en lag som g\u00f6r det m\u00f6jligt f\u00f6r storebror Kina att gripa och utl\u00e4mna folk till just Kina, d\u00e4r kan Kina d\u00e5 g\u00f6ra lite som dom vill, e,g l\u00e5sa in folk och kasta bort nyckeln. Dom som bor d\u00e4r k\u00e4nner sig oroliga som 17 p\u00e5 grund av detta. Jag f\u00f6rst\u00e5r dom allt. <\/p>\n\n\n\n<p>Hong Kong levererar som alltid f\u00f6r dig som turist, t\u00e4nk p\u00e5 att i staden bor ca 8milijoner personer. \u00c4r du p\u00e5 bes\u00f6k s\u00e5 h\u00e5ll i din grejor om du r\u00f6r dig p\u00e5 &#8221;vanliga&#8221; turistst\u00e4llen och marknader. Hong Kong \u00e4r annars en s\u00e4ker stad s\u00e5 man kan vara ute o g\u00e5 vid 23 tiden p\u00e5 kv\u00e4llen utan st\u00f6rre risk. <\/p>\n\n\n\n<p>Du hittar l\u00e4tt nya kl\u00e4der ( liten varning dock f\u00f6r alla dessa &#8221;skr\u00e4ddare&#8221; som finns dom rycker g\u00e4rna i dig f\u00f6r att dra in dig just till deras butik de flesta \u00e4r Indier och Pakistanier)<\/p>\n\n\n\n<p>Mig provade dom att ta tag i f\u00f6r att f\u00e5 in mig i deras butik,,, om man s\u00e4ger att mannen blir r\u00e4dd \u00e4r ett milt uttryck, jag hade en tom vattenflaska i min hand och n\u00e4r han tog tag i mig,,, r\u00e4tt h\u00e5rt, d\u00e5 slog jag till hans hand med den tomma flaskan. Han sket nog ner sig f\u00f6r han bliv vit som ett lakan. sen kom hans polare och b\u00f6rja tjafsa, jag sa bara lungt r\u00f6r mig inte, gillar inte att n\u00e5gon r\u00f6r mig. H\u00e4r g\u00e5r hans kompisar upp i fallset och b\u00f6rjar kalla mig f\u00f6r div namn. Som tur \u00e4r kom det 3 poliser och gick fram f\u00f6r att kolla vad som h\u00e4nt, dom f\u00e5gar mig vad som h\u00e4nt? jag ber\u00e4ttar och s\u00e4ger att jag trodde han skulle ta mina grejor. Polisen s\u00e4ger \u00e5t mig att kolla om jag har alla grejor, jag s\u00e4ger ja. Sen s\u00e4ger poliskvinnan att jag kan g\u00e5. Jag ser hur dom sk\u00e4ller ut killen som tog tag i mig och sen fick han l\u00e4mna platsen. R\u00e4tt? Fel? Ja vad ska han r\u00f6ra mig f\u00f6r hatar verkligen att folk jag inte k\u00e4nner r\u00f6r vid mig. <\/p>\n\n\n\n<p><\/p>\n\n\n\n<p>I \u00f6vrig s\u00e5 \u00e4r maten bara bra, alltid god, man f\u00e5r mycket mat h\u00e4r, man kan kliva in i ett &#8221;h\u00e5l&#8221; i v\u00e4ggen och f\u00e5 supergod mat. sen finns s\u00e5 klart Mcd, KFC, spagettihouse, Pizza hut med flera, dock tycker jag du ska utforska den lokala maten.<\/p>\n\n\n\n<p>Ellinors kitchen ligger vid Causway bay  Hongkong, Bowrington, Tang Lung St, 2B1 dvs en trappa ner och serverar mat fr\u00e5n Shangihai, Jag kan bara s\u00e4ga att jag var s\u00e5 m\u00e4tt s\u00e5 jag fick n\u00e4stan ringa b\u00e4rgare f\u00f6r att komma upp fr\u00e5n bordet lol.<\/p>\n\n\n\n<p>Handla? <\/p>\n\n\n\n<p>Absolut ska du handla. MEN inte p\u00e5 den stora outleten som ligger vid flygplatsen dom \u00e4r dyrare d\u00e4r in de sm\u00e5 butikerna inne i stan. T\u00e4nk \u00e4ven p\u00e5 att det finns massor av billiga kopior. ex Kanken fr\u00e5n Fjallraven&#8230; original s\u00e5 heter den K\u00e5nken och gjord av Fj\u00e4llr\u00e4ven&#8230; men kolla noga s\u00e5 slipper du bli bl\u00e5st.<\/p>\n\n\n\n<p>Stoooora af\u00e4\u00e4rer som du bara m\u00e5ste se. <\/p>\n\n\n\n<p>SOGO ett 14 v\u00e5ningars h\u00f6ghus som s\u00e4ljer allt (typ)<\/p>\n\n\n\n<p>Wing On varuhus som har bra grejor bra priser.<\/p>\n\n\n\n<p>City Plaza ett STORT k\u00f6pcentra som har verkligen allt, typ du kan g\u00e5 h\u00e4r en hel dag om det ex regnar.<\/p>\n\n\n\n<p>Kornhill Plaza ja vad ska man s\u00e4ga. h\u00e4r har dom allt fr\u00e5n mat till avloppsr\u00f6r. <\/p>\n\n\n\n<p>P\u00e5 Kowlon sidan <\/p>\n\n\n\n<p>Jordan street<\/p>\n\n\n\n<p>med flera<\/p>\n\n\n\n<p>Woman street <\/p>\n\n\n\n<p><\/p>\n\n\n\n<p><\/p>\n<p><\/p>","protected":false},"excerpt":{"rendered":"<p>Ja vad ska man s\u00e4ga. Folk g\u00e5r man ur huse f\u00f6r att slippa en lag som g\u00f6r det m\u00f6jligt f\u00f6r storebror Kina att gripa och utl\u00e4mna folk till just Kina, d\u00e4r kan Kina d\u00e5 g\u00f6ra lite som dom vill, e,g &hellip; <a href=\"https:\/\/www.mrjla.se\/?page_id=1345\">Forts\u00e4tt l\u00e4sa <span class=\"meta-nav\">&rarr;<\/span><\/a><\/p>\n","protected":false},"author":1,"featured_media":0,"parent":0,"menu_order":0,"comment_status":"closed","ping_status":"closed","template":"","meta":{"footnotes":""},"_links":{"self":[{"href":"https:\/\/www.mrjla.se\/index.php?rest_route=\/wp\/v2\/pages\/1345"}],"collection":[{"href":"https:\/\/www.mrjla.se\/index.php?rest_route=\/wp\/v2\/pages"}],"about":[{"href":"https:\/\/www.mrjla.se\/index.php?rest_route=\/wp\/v2\/types\/page"}],"author":[{"embeddable":true,"href":"https:\/\/www.mrjla.se\/index.php?rest_route=\/wp\/v2\/users\/1"}],"replies":[{"embeddable":true,"href":"https:\/\/www.mrjla.se\/index.php?rest_route=%2Fwp%2Fv2%2Fcomments&post=1345"}],"version-history":[{"count":1,"href":"https:\/\/www.mrjla.se\/index.php?rest_route=\/wp\/v2\/pages\/1345\/revisions"}],"predecessor-version":[{"id":1346,"href":"https:\/\/www.mrjla.se\/index.php?rest_route=\/wp\/v2\/pages\/1345\/revisions\/1346"}],"wp:attachment":[{"href":"https:\/\/www.mrjla.se\/index.php?rest_route=%2Fwp%2Fv2%2Fmedia&parent=1345"}],"curies":[{"name":"wp","href":"https:\/\/api.w.org\/{rel}","templated":true}]}}